{"id":6242,"date":"2025-11-19T16:54:48","date_gmt":"2025-11-19T15:54:48","guid":{"rendered":"https:\/\/biohormone.aretis-staging.ch\/?page_id=6242"},"modified":"2026-02-27T12:47:16","modified_gmt":"2026-02-27T11:47:16","slug":"preliminary-examination-anamnesis","status":"publish","type":"page","link":"https:\/\/www.biohormontherapie.ch\/en\/voruntersuchung-anamnese\/","title":{"rendered":"Voruntersuchung &#038; Anamnese"},"content":{"rendered":"<div data-elementor-type=\"wp-page\" data-elementor-id=\"6242\" class=\"elementor elementor-6242\" data-elementor-post-type=\"page\">\n\t\t\t\t<div class=\"elementor-element elementor-element-d076e65 e-flex e-con-boxed e-con e-parent\" data-id=\"d076e65\" data-element_type=\"container\" data-e-type=\"container\" data-settings=\"{&quot;background_background&quot;:&quot;classic&quot;}\">\n\t\t\t\t\t<div class=\"e-con-inner\">\n\t\t<div class=\"elementor-element elementor-element-a34ae48 e-con-full e-flex elementor-invisible e-con e-child\" data-id=\"a34ae48\" data-element_type=\"container\" data-e-type=\"container\" data-settings=\"{&quot;animation&quot;:&quot;fadeInDown&quot;,&quot;animation_delay&quot;:300}\">\n\t\t\t\t<div class=\"elementor-element elementor-element-a3f22d7 elementor-widget elementor-widget-heading\" data-id=\"a3f22d7\" data-element_type=\"widget\" data-e-type=\"widget\" data-widget_type=\"heading.default\">\n\t\t\t\t\t<h1 class=\"elementor-heading-title elementor-size-default\">Preliminary examination &amp; medical history<\/h1>\t\t\t\t<\/div>\n\t\t\t\t<div class=\"elementor-element elementor-element-f8f2363 elementor-widget elementor-widget-text-editor\" data-id=\"f8f2363\" data-element_type=\"widget\" data-e-type=\"widget\" data-widget_type=\"text-editor.default\">\n\t\t\t\t\t\t\t\t\tA thorough medical history with blood tests before starting bioidentical hormone therapy\t\t\t\t\t\t\t\t<\/div>\n\t\t\t\t<\/div>\n\t\t<div class=\"elementor-element elementor-element-15cc60c e-con-full elementor-hidden-mobile elementor-hidden-tablet e-flex e-con e-child\" data-id=\"15cc60c\" data-element_type=\"container\" data-e-type=\"container\">\n\t\t\t\t<\/div>\n\t\t\t\t\t<\/div>\n\t\t\t\t<\/div>\n\t\t<div class=\"elementor-element elementor-element-236c141 e-flex e-con-boxed e-con e-parent\" data-id=\"236c141\" data-element_type=\"container\" data-e-type=\"container\" data-settings=\"{&quot;background_background&quot;:&quot;classic&quot;}\">\n\t\t\t\t\t<div class=\"e-con-inner\">\n\t\t<div class=\"elementor-element elementor-element-c703bc6 e-con-full e-flex e-con e-child\" data-id=\"c703bc6\" data-element_type=\"container\" data-e-type=\"container\">\n\t\t\t\t<div class=\"elementor-element elementor-element-165562e elementor-view-default elementor-widget elementor-widget-icon\" data-id=\"165562e\" data-element_type=\"widget\" data-e-type=\"widget\" data-widget_type=\"icon.default\">\n\t\t\t\t\t\t\t<div class=\"elementor-icon-wrapper\">\n\t\t\t<div class=\"elementor-icon\">\n\t\t\t<svg xmlns=\"http:\/\/www.w3.org\/2000\/svg\" viewbox=\"0 0 512.75 512.78\"><g transform=\"translate(-55.64 -59.21)\"><path d=\"m550.53 490.29-96.27-73.56c74.7-97.4 56.3-236.92-41.1-311.62s-236.92-56.29-311.61 41.11-56.3 236.91 41.1 311.61a222.26 222.26 0 0 0 270.47 0l73.58 96.3a45.66 45.66 0 0 0 33.15 17.73c1 .06 2 .1 3 .1a45.49 45.49 0 0 0 45.55-45.43v-.13a45.23 45.23 0 0 0 -17.87-36.11zm-477.07-208.43c0-113.11 91.69-204.8 204.8-204.8s204.8 91.69 204.8 204.8-91.69 204.8-204.8 204.8-204.67-91.75-204.8-204.8zm469.54 264.72a29 29 0 0 1 -22 8.28 28.53 28.53 0 0 1 -20.71-11.09l-74-96.81a225.34 225.34 0 0 0 17.07-17.07l96.8 73.95a28.48 28.48 0 0 1 5.32 39.92 29.92 29.92 0 0 1 -2.46 2.82z\"><\/path><path d=\"m162.26 354.59a24.64 24.64 0 0 0 21.53 12.6h188.94a24.64 24.64 0 0 0 21.53-12.6 26 26 0 0 0 -.07-25.95l-94.44-162.22a24.65 24.65 0 0 0 -42.95 0l-94.47 162.21a26 26 0 0 0 -.07 25.96zm14.82-17.37 94.5-162.3a7.59 7.59 0 0 1 10.27-3.1 7.67 7.67 0 0 1 3.15 3.18l94.48 162.27a8.73 8.73 0 0 1 0 8.86 7.73 7.73 0 0 1 -6.73 4h-188.96a7.76 7.76 0 0 1 -6.74-4 8.75 8.75 0 0 1 .03-8.91z\"><\/path><path d=\"m278.26 94.12a8.54 8.54 0 0 0 0 17.07 170.58 170.58 0 1 1 -40.6 4.88 8.53 8.53 0 0 0 -4.06-16.58c-100.77 24.62-162.5 126.27-137.87 227s126.27 162.51 227.03 137.9 162.49-126.26 137.87-227a187.83 187.83 0 0 0 -182.37-143.27z\"><\/path><path d=\"m523.23 514.76a8.53 8.53 0 0 0 -12.07 12.06l8.53 8.54a8.54 8.54 0 0 0 12.07-12.07z\"><\/path><path d=\"m278.26 290.39a8.53 8.53 0 0 0 8.53-8.53v-59.74a8.53 8.53 0 0 0 -17.06 0v59.74a8.53 8.53 0 0 0 8.53 8.53z\"><\/path><path d=\"m278.26 333.06a8.53 8.53 0 0 0 8.53-8.54v-8.52a8.53 8.53 0 1 0 -17.06 0v8.53a8.53 8.53 0 0 0 8.53 8.53z\"><\/path><\/g><\/svg>\t\t\t<\/div>\n\t\t<\/div>\n\t\t\t\t\t\t<\/div>\n\t\t\t\t<div class=\"elementor-element elementor-element-8b3d486 elementor-widget elementor-widget-heading\" data-id=\"8b3d486\" data-element_type=\"widget\" data-e-type=\"widget\" data-widget_type=\"heading.default\">\n\t\t\t\t\t<h2 class=\"elementor-heading-title elementor-size-default\">Examinations before starting therapy<\/h2>\t\t\t\t<\/div>\n\t\t\t\t<div class=\"elementor-element elementor-element-95e35ee elementor-widget elementor-widget-text-editor\" data-id=\"95e35ee\" data-element_type=\"widget\" data-e-type=\"widget\" data-widget_type=\"text-editor.default\">\n\t\t\t\t\t\t\t\t\t<p>Before starting bioidentical hormone therapy, Dr. Andreas Bernhardt will carry out tests on you. We will repeat the blood tests to a lesser extent at regular intervals in order to optimally monitor the course of therapy.<\/p>\t\t\t\t\t\t\t\t<\/div>\n\t\t<div class=\"elementor-element elementor-element-5d67d7f e-con-full e-flex e-con e-child\" data-id=\"5d67d7f\" data-element_type=\"container\" data-e-type=\"container\">\n\t\t\t\t<div class=\"elementor-element elementor-element-525ca9f elementor-widget elementor-widget-button\" data-id=\"525ca9f\" data-element_type=\"widget\" data-e-type=\"widget\" data-widget_type=\"button.default\">\n\t\t\t\t\t\t\t\t\t\t<a class=\"elementor-button elementor-button-link elementor-size-sm\" href=\"https:\/\/www.biohormontherapie.ch\/wp-content\/uploads\/2026\/02\/MRS-Fragebogen-Wechseljahre-Frau_EN.pdf\" target=\"_blank\">\n\t\t\t\t\t\t<span class=\"elementor-button-content-wrapper\">\n\t\t\t\t\t\t\t\t\t<span class=\"elementor-button-text\">Questionnaire woman<\/span>\n\t\t\t\t\t<\/span>\n\t\t\t\t\t<\/a>\n\t\t\t\t\t\t\t\t<\/div>\n\t\t\t\t<div class=\"elementor-element elementor-element-f167e76 elementor-widget elementor-widget-button\" data-id=\"f167e76\" data-element_type=\"widget\" data-e-type=\"widget\" data-widget_type=\"button.default\">\n\t\t\t\t\t\t\t\t\t\t<a class=\"elementor-button elementor-button-link elementor-size-sm\" href=\"https:\/\/www.biohormontherapie.ch\/wp-content\/uploads\/2026\/02\/AMS-Fragebogen-Mann_EN.pdf\" target=\"_blank\">\n\t\t\t\t\t\t<span class=\"elementor-button-content-wrapper\">\n\t\t\t\t\t\t\t\t\t<span class=\"elementor-button-text\">Questionnaire man<\/span>\n\t\t\t\t\t<\/span>\n\t\t\t\t\t<\/a>\n\t\t\t\t\t\t\t\t<\/div>\n\t\t\t\t<\/div>\n\t\t\t\t<\/div>\n\t\t<div class=\"elementor-element elementor-element-36f2854 e-con-full e-flex e-con e-child\" data-id=\"36f2854\" data-element_type=\"container\" data-e-type=\"container\" data-settings=\"{&quot;background_background&quot;:&quot;classic&quot;}\">\n\t\t\t\t<div class=\"elementor-element elementor-element-5c3c13a elementor-view-default elementor-widget elementor-widget-icon\" data-id=\"5c3c13a\" data-element_type=\"widget\" data-e-type=\"widget\" data-widget_type=\"icon.default\">\n\t\t\t\t\t\t\t<div class=\"elementor-icon-wrapper\">\n\t\t\t<div class=\"elementor-icon\">\n\t\t\t<svg xmlns=\"http:\/\/www.w3.org\/2000\/svg\" viewbox=\"0 0 480 479.99\"><g transform=\"translate(-58.03 -181.14)\"><path d=\"m118.06 494.6a8 8 0 0 0 0 11.31l22.63 22.64-28.29 28.28a8 8 0 0 0 0 11.32l5.66 5.65-57.68 57.68a8 8 0 1 0 11.31 11.31l57.68-57.68 5.65 5.66a8 8 0 0 0 11.32 0l28.28-28.29 22.64 22.63a8 8 0 0 0 11.31 0l77.11-77.11a8 8 0 0 0 -11.31-11.31l-71.46 71.46-67.91-67.89 11.34-11.26 17 17a8 8 0 0 0 11.31-11.31l-17-17 11.35-11.36 28.27 28.28a8 8 0 1 0 11.31-11.31l-28.29-28.3 11.31-11.32 17 17a8 8 0 0 0 11.31-11.31l-17-16.95 11.32-11.31 28.27 28.26a8 8 0 1 0 11.31-11.31l-28.26-28.27 22.63-22.63 67.87 67.84-8.87 8.87-15.83-2.64a8 8 0 0 0 -7.29 13.21l35.57 40a110.78 110.78 0 0 0 -5.6 34.67 112 112 0 1 0 202.36-66 8 8 0 1 0 -12.91 9.44 96 96 0 1 1 -167.26 22.9 8 8 0 0 0 -1.51-8.13l-23.65-26.6 37 6.16a7.92 7.92 0 0 0 7.21-2.48 96.25 96.25 0 0 1 70.73-31.26 95.16 95.16 0 0 1 56.55 18.55 8 8 0 1 0 9.45-12.91 111.08 111.08 0 0 0 -66-21.64 112.23 112.23 0 0 0 -79.52 33.3l-19.93-3.32 108.27-108.24a8 8 0 0 0 0-11.31l-11.32-11.32 50.93-50.94 11.31 11.32a8 8 0 0 0 11.32-11.32l-73.54-73.53 11.32-11.32 73.54 73.54a8 8 0 1 0 11.31-11.31l-79.19-79.2a8 8 0 0 0 -11.32 0l-22.63 22.63a8 8 0 0 0 0 11.31l11.31 11.32-50.93 50.93-11.32-11.32a8 8 0 0 0 -5.61-2.36 8 8 0 0 0 -5.66 2.35l-24.16 24.24a8 8 0 1 0 11.34 11.3l18.48-18.54 11.31 11.3-67.91 67.86-11.28-11.28 26.67-26.67a8 8 0 0 0 -11.31-11.31zm22.62 79.2-11.32-11.32 22.64-22.63 11.32 11.32zm288.5-333.75 33.94 33.95-50.94 50.94-33.94-33.94zm-56.6 67.95 22.64 22.63-67.86 67.85-22.63-22.63zm-101.76 56.53 67.85 67.86-11.32 11.31-67.85-67.86zm67.85 45.22 67.86-67.85 11.32 11.31-67.85 67.86z\"><\/path><path d=\"m420.38 479.48c-5.16 5.15-50.35 51.33-50.35 85.66a56 56 0 0 0 112 0c0-34.33-45.19-80.51-50.34-85.66a8 8 0 0 0 -11.31 0zm45.62 85.66a40 40 0 0 1 -80 0c0-20.53 25.18-52.26 40-68.41 14.86 16.15 40 47.88 40 68.41z\"><\/path><\/g><\/svg>\t\t\t<\/div>\n\t\t<\/div>\n\t\t\t\t\t\t<\/div>\n\t\t\t\t<div class=\"elementor-element elementor-element-d4fc811 elementor-widget elementor-widget-heading\" data-id=\"d4fc811\" data-element_type=\"widget\" data-e-type=\"widget\" data-widget_type=\"heading.default\">\n\t\t\t\t\t<h3 class=\"elementor-heading-title elementor-size-default\">Actual status in the blood <\/h3>\t\t\t\t<\/div>\n\t\t\t\t<div class=\"elementor-element elementor-element-400b8ec elementor-widget elementor-widget-text-editor\" data-id=\"400b8ec\" data-element_type=\"widget\" data-e-type=\"widget\" data-widget_type=\"text-editor.default\">\n\t\t\t\t\t\t\t\t\t<p>Dr. Andreas Bernhardt determines a detailed actual status in the blood with regard to all relevant hormones, minerals, metabolic and mitochondrial values as well as vitamins.<\/p>\t\t\t\t\t\t\t\t<\/div>\n\t\t\t\t<\/div>\n\t\t<div class=\"elementor-element elementor-element-ddf0ee9 e-con-full e-flex e-con e-child\" data-id=\"ddf0ee9\" data-element_type=\"container\" data-e-type=\"container\" data-settings=\"{&quot;background_background&quot;:&quot;classic&quot;}\">\n\t\t\t\t<div class=\"elementor-element elementor-element-5eacd0d elementor-view-default elementor-widget elementor-widget-icon\" data-id=\"5eacd0d\" data-element_type=\"widget\" data-e-type=\"widget\" data-widget_type=\"icon.default\">\n\t\t\t\t\t\t\t<div class=\"elementor-icon-wrapper\">\n\t\t\t<div class=\"elementor-icon\">\n\t\t\t<svg xmlns=\"http:\/\/www.w3.org\/2000\/svg\" viewbox=\"0 0 463 463\"><g transform=\"translate(-189.11 -66.06)\"><path d=\"m260.61 66.06a71.5 71.5 0 1 0 71.5 71.5 71.58 71.58 0 0 0 -71.5-71.5zm0 128a56.5 56.5 0 1 1 56.5-56.5 56.57 56.57 0 0 1 -56.5 56.5z\"><\/path><path d=\"m260.61 226.06a71.5 71.5 0 1 0 71.5 71.5 71.58 71.58 0 0 0 -71.5-71.5zm0 128a56.5 56.5 0 1 1 56.5-56.5 56.57 56.57 0 0 1 -56.5 56.5z\"><\/path><path d=\"m260.61 386.06a71.5 71.5 0 1 0 71.5 71.5 71.58 71.58 0 0 0 -71.5-71.5zm0 128a56.5 56.5 0 1 1 56.5-56.5 56.57 56.57 0 0 1 -56.5 56.5z\"><\/path><path d=\"m279.31 116.25-26.7 26.75-10.69-10.7a7.5 7.5 0 0 0 -10.61 10.61l16 16a7.5 7.5 0 0 0 10.61 0l32-32a7.5 7.5 0 0 0 -10.61-10.61z\"><\/path><path d=\"m279.31 276.25-26.7 26.75-10.69-10.7a7.5 7.5 0 0 0 -10.61 10.61l16 16a7.5 7.5 0 0 0 10.61 0l32-32a7.5 7.5 0 0 0 -10.61-10.61z\"><\/path><path d=\"m364.61 121.06h144a7.5 7.5 0 0 0 0-15h-144a7.5 7.5 0 0 0 0 15z\"><\/path><path d=\"m364.61 169.06h280a7.5 7.5 0 0 0 0-15h-280a7.5 7.5 0 0 0 0 15z\"><\/path><path d=\"m364.61 281.06h144a7.5 7.5 0 0 0 0-15h-144a7.5 7.5 0 0 0 0 15z\"><\/path><path d=\"m644.61 314.06h-280a7.5 7.5 0 0 0 0 15h280a7.5 7.5 0 0 0 0-15z\"><\/path><path d=\"m364.61 441.06h144a7.5 7.5 0 0 0 0-15h-144a7.5 7.5 0 0 0 0 15z\"><\/path><path d=\"m644.61 474.06h-280a7.5 7.5 0 0 0 0 15h280a7.5 7.5 0 0 0 0-15z\"><\/path><\/g><\/svg>\t\t\t<\/div>\n\t\t<\/div>\n\t\t\t\t\t\t<\/div>\n\t\t\t\t<div class=\"elementor-element elementor-element-f9a6017 elementor-widget elementor-widget-heading\" data-id=\"f9a6017\" data-element_type=\"widget\" data-e-type=\"widget\" data-widget_type=\"heading.default\">\n\t\t\t\t\t<h3 class=\"elementor-heading-title elementor-size-default\">Medical history<\/h3>\t\t\t\t<\/div>\n\t\t\t\t<div class=\"elementor-element elementor-element-c946f18 elementor-widget elementor-widget-text-editor\" data-id=\"c946f18\" data-element_type=\"widget\" data-e-type=\"widget\" data-widget_type=\"text-editor.default\">\n\t\t\t\t\t\t\t\t\tA thorough individual anamnesis (your medical history, your medication list incl. standardized questionnaire on the menopause woman\/man).\t\t\t\t\t\t\t\t<\/div>\n\t\t\t\t<\/div>\n\t\t\t\t\t<\/div>\n\t\t\t\t<\/div>\n\t\t<div class=\"elementor-element elementor-element-ea02bae e-flex e-con-boxed e-con e-parent\" data-id=\"ea02bae\" data-element_type=\"container\" data-e-type=\"container\" data-settings=\"{&quot;background_background&quot;:&quot;classic&quot;}\">\n\t\t\t\t\t<div class=\"e-con-inner\">\n\t\t<div class=\"elementor-element elementor-element-669a3d6 e-con-full e-flex elementor-invisible e-con e-child\" data-id=\"669a3d6\" data-element_type=\"container\" data-e-type=\"container\" data-settings=\"{&quot;animation&quot;:&quot;fadeIn&quot;,&quot;animation_delay&quot;:200}\">\n\t\t\t\t<div class=\"elementor-element elementor-element-1118f5b elementor-widget elementor-widget-gallery\" data-id=\"1118f5b\" data-element_type=\"widget\" data-e-type=\"widget\" data-settings=\"{&quot;gallery_layout&quot;:&quot;justified&quot;,&quot;ideal_row_height&quot;:{&quot;unit&quot;:&quot;px&quot;,&quot;size&quot;:282,&quot;sizes&quot;:[]},&quot;overlay_title&quot;:&quot;title&quot;,&quot;ideal_row_height_laptop&quot;:{&quot;unit&quot;:&quot;px&quot;,&quot;size&quot;:206,&quot;sizes&quot;:[]},&quot;ideal_row_height_tablet&quot;:{&quot;unit&quot;:&quot;px&quot;,&quot;size&quot;:185,&quot;sizes&quot;:[]},&quot;lazyload&quot;:&quot;yes&quot;,&quot;ideal_row_height_mobile&quot;:{&quot;unit&quot;:&quot;px&quot;,&quot;size&quot;:150,&quot;sizes&quot;:[]},&quot;gap&quot;:{&quot;unit&quot;:&quot;px&quot;,&quot;size&quot;:10,&quot;sizes&quot;:[]},&quot;gap_laptop&quot;:{&quot;unit&quot;:&quot;px&quot;,&quot;size&quot;:10,&quot;sizes&quot;:[]},&quot;gap_tablet&quot;:{&quot;unit&quot;:&quot;px&quot;,&quot;size&quot;:10,&quot;sizes&quot;:[]},&quot;gap_mobile&quot;:{&quot;unit&quot;:&quot;px&quot;,&quot;size&quot;:10,&quot;sizes&quot;:[]},&quot;link_to&quot;:&quot;file&quot;,&quot;overlay_background&quot;:&quot;yes&quot;,&quot;content_hover_animation&quot;:&quot;fade-in&quot;}\" data-widget_type=\"gallery.default\">\n\t\t\t\t\t\t\t<div class=\"elementor-gallery__container\">\n\t\t\t\t\t\t\t<a class=\"e-gallery-item elementor-gallery-item elementor-animated-content\" href=\"https:\/\/www.biohormontherapie.ch\/wp-content\/uploads\/2025\/12\/voruntersuchung-anamnese3.jpg\" data-elementor-open-lightbox=\"yes\" data-elementor-lightbox-slideshow=\"1118f5b\" data-elementor-lightbox-title=\"Blutuntersuchung\" data-e-action-hash=\"#elementor-action%3Aaction%3Dlightbox%26settings%3DeyJpZCI6ODM5MSwidXJsIjoiaHR0cHM6XC9cL3d3dy5iaW9ob3Jtb250aGVyYXBpZS5jaFwvd3AtY29udGVudFwvdXBsb2Fkc1wvMjAyNVwvMTJcL3ZvcnVudGVyc3VjaHVuZy1hbmFtbmVzZTMuanBnIiwic2xpZGVzaG93IjoiMTExOGY1YiJ9\">\n\t\t\t\t\t<div class=\"e-gallery-image elementor-gallery-item__image\" data-thumbnail=\"https:\/\/www.biohormontherapie.ch\/wp-content\/uploads\/2025\/12\/voruntersuchung-anamnese3.jpg\" data-width=\"1500\" data-height=\"1000\" aria-label=\"\" role=\"img\" ><\/div>\n\t\t\t\t\t\t\t\t\t\t\t<div class=\"elementor-gallery-item__overlay\"><\/div>\n\t\t\t\t\t\t\t\t\t\t\t\t\t\t\t<div class=\"elementor-gallery-item__content\">\n\t\t\t\t\t\t\t\t\t\t\t\t\t\t<div class=\"elementor-gallery-item__title\">\n\t\t\t\t\t\t\t\t\t\t\t\t\t\t\t\t\t\tBlood test\t\t\t\t\t\t\t\t<\/div>\n\t\t\t\t\t\t\t\t\t\t\t\t<\/div>\n\t\t\t\t\t\t\t\t\t<\/a>\n\t\t\t\t\t\t\t<a class=\"e-gallery-item elementor-gallery-item elementor-animated-content\" href=\"https:\/\/www.biohormontherapie.ch\/wp-content\/uploads\/2025\/11\/voruntersuchung-anamnese1.jpg\" data-elementor-open-lightbox=\"yes\" data-elementor-lightbox-slideshow=\"1118f5b\" data-elementor-lightbox-title=\"Detaillierte Untersuchungen\" data-e-action-hash=\"#elementor-action%3Aaction%3Dlightbox%26settings%3DeyJpZCI6NjY5MywidXJsIjoiaHR0cHM6XC9cL3d3dy5iaW9ob3Jtb250aGVyYXBpZS5jaFwvd3AtY29udGVudFwvdXBsb2Fkc1wvMjAyNVwvMTFcL3ZvcnVudGVyc3VjaHVuZy1hbmFtbmVzZTEuanBnIiwic2xpZGVzaG93IjoiMTExOGY1YiJ9\">\n\t\t\t\t\t<div class=\"e-gallery-image elementor-gallery-item__image\" data-thumbnail=\"https:\/\/www.biohormontherapie.ch\/wp-content\/uploads\/2025\/11\/voruntersuchung-anamnese1.jpg\" data-width=\"1500\" data-height=\"987\" aria-label=\"\" role=\"img\" ><\/div>\n\t\t\t\t\t\t\t\t\t\t\t<div class=\"elementor-gallery-item__overlay\"><\/div>\n\t\t\t\t\t\t\t\t\t\t\t\t\t\t\t<div class=\"elementor-gallery-item__content\">\n\t\t\t\t\t\t\t\t\t\t\t\t\t\t<div class=\"elementor-gallery-item__title\">\n\t\t\t\t\t\t\t\t\t\t\t\t\t\t\t\t\t\tDetailed investigations\t\t\t\t\t\t\t\t<\/div>\n\t\t\t\t\t\t\t\t\t\t\t\t<\/div>\n\t\t\t\t\t\t\t\t\t<\/a>\n\t\t\t\t\t\t\t<a class=\"e-gallery-item elementor-gallery-item elementor-animated-content\" href=\"https:\/\/www.biohormontherapie.ch\/wp-content\/uploads\/2025\/12\/voruntersuchung-anamnese4.jpg\" data-elementor-open-lightbox=\"yes\" data-elementor-lightbox-slideshow=\"1118f5b\" data-elementor-lightbox-title=\"Ihr Individueller Therapieplan\" data-e-action-hash=\"#elementor-action%3Aaction%3Dlightbox%26settings%3DeyJpZCI6ODM5MiwidXJsIjoiaHR0cHM6XC9cL3d3dy5iaW9ob3Jtb250aGVyYXBpZS5jaFwvd3AtY29udGVudFwvdXBsb2Fkc1wvMjAyNVwvMTJcL3ZvcnVudGVyc3VjaHVuZy1hbmFtbmVzZTQuanBnIiwic2xpZGVzaG93IjoiMTExOGY1YiJ9\">\n\t\t\t\t\t<div class=\"e-gallery-image elementor-gallery-item__image\" data-thumbnail=\"https:\/\/www.biohormontherapie.ch\/wp-content\/uploads\/2025\/12\/voruntersuchung-anamnese4.jpg\" data-width=\"1500\" data-height=\"1000\" aria-label=\"\" role=\"img\" ><\/div>\n\t\t\t\t\t\t\t\t\t\t\t<div class=\"elementor-gallery-item__overlay\"><\/div>\n\t\t\t\t\t\t\t\t\t\t\t\t\t\t\t<div class=\"elementor-gallery-item__content\">\n\t\t\t\t\t\t\t\t\t\t\t\t\t\t<div class=\"elementor-gallery-item__title\">\n\t\t\t\t\t\t\t\t\t\t\t\t\t\t\t\t\t\tYour individual therapy plan\t\t\t\t\t\t\t\t<\/div>\n\t\t\t\t\t\t\t\t\t\t\t\t<\/div>\n\t\t\t\t\t\t\t\t\t<\/a>\n\t\t\t\t\t\t\t<a class=\"e-gallery-item elementor-gallery-item elementor-animated-content\" href=\"https:\/\/www.biohormontherapie.ch\/wp-content\/uploads\/2025\/11\/voruntersuchung-anamnese2.jpg\" data-elementor-open-lightbox=\"yes\" data-elementor-lightbox-slideshow=\"1118f5b\" data-elementor-lightbox-title=\"Mehr Lebensfreude dank Biohormonen\" data-e-action-hash=\"#elementor-action%3Aaction%3Dlightbox%26settings%3DeyJpZCI6NjY5MiwidXJsIjoiaHR0cHM6XC9cL3d3dy5iaW9ob3Jtb250aGVyYXBpZS5jaFwvd3AtY29udGVudFwvdXBsb2Fkc1wvMjAyNVwvMTFcL3ZvcnVudGVyc3VjaHVuZy1hbmFtbmVzZTIuanBnIiwic2xpZGVzaG93IjoiMTExOGY1YiJ9\">\n\t\t\t\t\t<div class=\"e-gallery-image elementor-gallery-item__image\" data-thumbnail=\"https:\/\/www.biohormontherapie.ch\/wp-content\/uploads\/2025\/11\/voruntersuchung-anamnese2.jpg\" data-width=\"1500\" data-height=\"1000\" aria-label=\"\" role=\"img\" ><\/div>\n\t\t\t\t\t\t\t\t\t\t\t<div class=\"elementor-gallery-item__overlay\"><\/div>\n\t\t\t\t\t\t\t\t\t\t\t\t\t\t\t<div class=\"elementor-gallery-item__content\">\n\t\t\t\t\t\t\t\t\t\t\t\t\t\t<div class=\"elementor-gallery-item__title\">\n\t\t\t\t\t\t\t\t\t\t\t\t\t\t\t\t\t\tMore joie de vivre thanks to biohormones\t\t\t\t\t\t\t\t<\/div>\n\t\t\t\t\t\t\t\t\t\t\t\t<\/div>\n\t\t\t\t\t\t\t\t\t<\/a>\n\t\t\t\t\t<\/div>\n\t\t\t\t\t<\/div>\n\t\t\t\t<\/div>\n\t\t<div class=\"elementor-element elementor-element-9e797d6 e-con-full e-flex e-con e-child\" data-id=\"9e797d6\" data-element_type=\"container\" data-e-type=\"container\">\n\t\t\t\t<div class=\"elementor-element elementor-element-dbb8d38 elementor-widget elementor-widget-heading\" data-id=\"dbb8d38\" data-element_type=\"widget\" data-e-type=\"widget\" data-widget_type=\"heading.default\">\n\t\t\t\t\t<h2 class=\"elementor-heading-title elementor-size-default\">Individual therapy plan<\/h2>\t\t\t\t<\/div>\n\t\t\t\t<div class=\"elementor-element elementor-element-fa0ee1c elementor-widget elementor-widget-text-editor\" data-id=\"fa0ee1c\" data-element_type=\"widget\" data-e-type=\"widget\" data-widget_type=\"text-editor.default\">\n\t\t\t\t\t\t\t\t\tBased on your results, Dr. Bernhardt will create your individual therapy plan for bioidentical hormone therapy.\n\nIn addition, you will receive lifestyle advice with recommendations on suitable sport and relaxation training and, if necessary, the substitution of suitable vital substances and antioxidants.\t\t\t\t\t\t\t\t<\/div>\n\t\t\t\t<div class=\"elementor-element elementor-element-1fac1fb elementor-widget elementor-widget-heading\" data-id=\"1fac1fb\" data-element_type=\"widget\" data-e-type=\"widget\" data-widget_type=\"heading.default\">\n\t\t\t\t\t<h2 class=\"elementor-heading-title elementor-size-default\">Production of your recipe<\/h2>\t\t\t\t<\/div>\n\t\t\t\t<div class=\"elementor-element elementor-element-b1d1b4f elementor-widget elementor-widget-text-editor\" data-id=\"b1d1b4f\" data-element_type=\"widget\" data-e-type=\"widget\" data-widget_type=\"text-editor.default\">\n\t\t\t\t\t\t\t\t\tThe hormone prescription prepared for you is a so-called extemporaneous prescription and is sent to a specialized (compound) pharmacy following the doctor's consultation. This pharmacy has a special license from the Federal Office of Public Health (FOPH) and has many years of experience in the production of individual formulations for bioidentical hormone therapy.\t\t\t\t\t\t\t\t<\/div>\n\t\t\t\t<div class=\"elementor-element elementor-element-1813fa3 elementor-align-left elementor-widget elementor-widget-button\" data-id=\"1813fa3\" data-element_type=\"widget\" data-e-type=\"widget\" data-widget_type=\"button.default\">\n\t\t\t\t\t\t\t\t\t\t<a class=\"elementor-button elementor-button-link elementor-size-sm\" href=\"https:\/\/www.biohormontherapie.ch\/en\/contact\/\">\n\t\t\t\t\t\t<span class=\"elementor-button-content-wrapper\">\n\t\t\t\t\t\t\t\t\t<span class=\"elementor-button-text\">Contact &amp; advice<\/span>\n\t\t\t\t\t<\/span>\n\t\t\t\t\t<\/a>\n\t\t\t\t\t\t\t\t<\/div>\n\t\t\t\t<\/div>\n\t\t\t\t\t<\/div>\n\t\t\t\t<\/div>\n\t\t\t\t<\/div>","protected":false},"excerpt":{"rendered":"<p>Voruntersuchung &amp; Anamnese Die gr\u00fcndliche Anamnese mit Blutuntersuchung vor Beginn der bioidentischen Hormontherapie Untersuchungen vor Therapiebeginn Bevor eine bioidentische Hormontherapie beginnt, f\u00fchrt Dr. med. Andreas Bernhardt bei Ihnen Untersuchungen durch. Die Blutuntersuchungen wiederholen wir in reduziertem Umfang sp\u00e4ter in regelm\u00e4ssigen Abst\u00e4nden, um den Therapieverlauf optimal zu begleiten. Fragebogen Frau Fragebogen Mann Ist-Status im Blut Dr. [&hellip;]<\/p>\n","protected":false},"author":2,"featured_media":0,"parent":0,"menu_order":2,"comment_status":"closed","ping_status":"closed","template":"","meta":{"_seopress_robots_primary_cat":"","_seopress_titles_title":"Voruntersuchung & Anamnese \u2013 Bioidentische Hormontherapie","_seopress_titles_desc":"Erfahren Sie, wie Dr. Bernhardt vor Beginn der bioidentischen Hormontherapie eine gr\u00fcndliche Anamnese und Blutuntersuchung durchf\u00fchrt.","_seopress_robots_index":"","footnotes":""},"folder":[],"class_list":["post-6242","page","type-page","status-publish","hentry"],"_links":{"self":[{"href":"https:\/\/www.biohormontherapie.ch\/en\/wp-json\/wp\/v2\/pages\/6242","targetHints":{"allow":["GET"]}}],"collection":[{"href":"https:\/\/www.biohormontherapie.ch\/en\/wp-json\/wp\/v2\/pages"}],"about":[{"href":"https:\/\/www.biohormontherapie.ch\/en\/wp-json\/wp\/v2\/types\/page"}],"author":[{"embeddable":true,"href":"https:\/\/www.biohormontherapie.ch\/en\/wp-json\/wp\/v2\/users\/2"}],"replies":[{"embeddable":true,"href":"https:\/\/www.biohormontherapie.ch\/en\/wp-json\/wp\/v2\/comments?post=6242"}],"version-history":[{"count":10,"href":"https:\/\/www.biohormontherapie.ch\/en\/wp-json\/wp\/v2\/pages\/6242\/revisions"}],"predecessor-version":[{"id":8908,"href":"https:\/\/www.biohormontherapie.ch\/en\/wp-json\/wp\/v2\/pages\/6242\/revisions\/8908"}],"wp:attachment":[{"href":"https:\/\/www.biohormontherapie.ch\/en\/wp-json\/wp\/v2\/media?parent=6242"}],"wp:term":[{"taxonomy":"folder","embeddable":true,"href":"https:\/\/www.biohormontherapie.ch\/en\/wp-json\/wp\/v2\/folder?post=6242"}],"curies":[{"name":"wp","href":"https:\/\/api.w.org\/{rel}","templated":true}]}}