{"id":6196,"date":"2025-11-19T13:43:50","date_gmt":"2025-11-19T12:43:50","guid":{"rendered":"https:\/\/biohormone.aretis-staging.ch\/?page_id=6196"},"modified":"2026-01-26T16:39:26","modified_gmt":"2026-01-26T15:39:26","slug":"costs-of-bioidentical-hormone-therapy","status":"publish","type":"page","link":"https:\/\/www.biohormontherapie.ch\/en\/kosten-der-bioidentischen-hormontherapie\/","title":{"rendered":"Costs of bioidentical hormone therapy"},"content":{"rendered":"<div data-elementor-type=\"wp-page\" data-elementor-id=\"6196\" class=\"elementor elementor-6196\" data-elementor-post-type=\"page\">\n\t\t\t\t<div class=\"elementor-element elementor-element-d076e65 e-flex e-con-boxed e-con e-parent\" data-id=\"d076e65\" data-element_type=\"container\" data-e-type=\"container\" data-settings=\"{&quot;background_background&quot;:&quot;classic&quot;}\">\n\t\t\t\t\t<div class=\"e-con-inner\">\n\t\t<div class=\"elementor-element elementor-element-a34ae48 e-con-full e-flex elementor-invisible e-con e-child\" data-id=\"a34ae48\" data-element_type=\"container\" data-e-type=\"container\" data-settings=\"{&quot;animation&quot;:&quot;fadeInDown&quot;,&quot;animation_delay&quot;:300}\">\n\t\t\t\t<div class=\"elementor-element elementor-element-a3f22d7 elementor-widget elementor-widget-heading\" data-id=\"a3f22d7\" data-element_type=\"widget\" data-e-type=\"widget\" data-widget_type=\"heading.default\">\n\t\t\t\t\t<h1 class=\"elementor-heading-title elementor-size-default\">Costs of bioidentical hormone therapy<\/h1>\t\t\t\t<\/div>\n\t\t\t\t<div class=\"elementor-element elementor-element-f8f2363 elementor-widget elementor-widget-text-editor\" data-id=\"f8f2363\" data-element_type=\"widget\" data-e-type=\"widget\" data-widget_type=\"text-editor.default\">\n\t\t\t\t\t\t\t\t\tCosts for the implementation of bioidentical hormone therapy (BHT) including medical history, hormone status, laboratory costs\t\t\t\t\t\t\t\t<\/div>\n\t\t\t\t<\/div>\n\t\t<div class=\"elementor-element elementor-element-15cc60c e-con-full elementor-hidden-mobile elementor-hidden-tablet e-flex e-con e-child\" data-id=\"15cc60c\" data-element_type=\"container\" data-e-type=\"container\">\n\t\t\t\t<\/div>\n\t\t\t\t\t<\/div>\n\t\t\t\t<\/div>\n\t\t<div class=\"elementor-element elementor-element-181eafa e-flex e-con-boxed e-con e-parent\" data-id=\"181eafa\" data-element_type=\"container\" data-e-type=\"container\" data-settings=\"{&quot;background_background&quot;:&quot;classic&quot;}\">\n\t\t\t\t\t<div class=\"e-con-inner\">\n\t\t<div class=\"elementor-element elementor-element-0f3c6ea e-con-full e-flex elementor-invisible e-con e-child\" data-id=\"0f3c6ea\" data-element_type=\"container\" data-e-type=\"container\" data-settings=\"{&quot;background_background&quot;:&quot;classic&quot;,&quot;animation&quot;:&quot;fadeIn&quot;,&quot;animation_delay&quot;:100}\">\n\t\t<div class=\"elementor-element elementor-element-46ce00a e-con-full e-flex e-con e-child\" data-id=\"46ce00a\" data-element_type=\"container\" data-e-type=\"container\" data-settings=\"{&quot;background_background&quot;:&quot;classic&quot;}\">\n\t\t\t\t<div class=\"elementor-element elementor-element-83c071f elementor-widget elementor-widget-heading\" data-id=\"83c071f\" data-element_type=\"widget\" data-e-type=\"widget\" data-widget_type=\"heading.default\">\n\t\t\t\t\t<p class=\"elementor-heading-title elementor-size-default\">Control analyses during ongoing hormone therapy<\/p>\t\t\t\t<\/div>\n\t\t\t\t<\/div>\n\t\t\t\t<\/div>\n\t\t<div class=\"elementor-element elementor-element-130f21d e-con-full e-flex e-con e-child\" data-id=\"130f21d\" data-element_type=\"container\" data-e-type=\"container\">\n\t\t\t\t<div class=\"elementor-element elementor-element-b465f02 elementor-widget elementor-widget-heading\" data-id=\"b465f02\" data-element_type=\"widget\" data-e-type=\"widget\" data-widget_type=\"heading.default\">\n\t\t\t\t\t<p class=\"elementor-heading-title elementor-size-default\">Initial hormone laboratory &amp; control analyses<\/p>\t\t\t\t<\/div>\n\t\t\t\t<div class=\"elementor-element elementor-element-8e082d8 elementor-widget elementor-widget-heading\" data-id=\"8e082d8\" data-element_type=\"widget\" data-e-type=\"widget\" data-widget_type=\"heading.default\">\n\t\t\t\t\t<h2 class=\"elementor-heading-title elementor-size-default\">Laboratory costs &amp; billing<\/h2>\t\t\t\t<\/div>\n\t\t\t\t<div class=\"elementor-element elementor-element-c8e25d2 elementor-widget elementor-widget-text-editor\" data-id=\"c8e25d2\" data-element_type=\"widget\" data-e-type=\"widget\" data-widget_type=\"text-editor.default\">\n\t\t\t\t\t\t\t\t\tThe laboratory costs for bioidentical hormone therapy include\t\t\t\t\t\t\t\t<\/div>\n\t\t\t\t<div class=\"elementor-element elementor-element-e360e13 elementor-icon-list--layout-traditional elementor-list-item-link-full_width elementor-widget elementor-widget-icon-list\" data-id=\"e360e13\" data-element_type=\"widget\" data-e-type=\"widget\" data-widget_type=\"icon-list.default\">\n\t\t\t\t\t\t\t<ul class=\"elementor-icon-list-items\">\n\t\t\t\t\t\t\t<li class=\"elementor-icon-list-item\">\n\t\t\t\t\t\t\t\t\t\t\t<span class=\"elementor-icon-list-icon\">\n\t\t\t\t\t\t\t<svg xmlns=\"http:\/\/www.w3.org\/2000\/svg\" viewbox=\"0 0 512 512\"><path d=\"m297.64 676.75a256 256 0 1 1 181-75 254.33 254.33 0 0 1 -181 75zm0-472c-119.1 0-216 96.9-216 216s96.9 216 216 216 216-96.9 216-216-96.9-216-216-216zm104.29 216-138.29-138.29-28.28 28.29 110 110-110 110 28.28 28.25z\" transform=\"translate(-41.64 -164.75)\"><\/path><\/svg>\t\t\t\t\t\t<\/span>\n\t\t\t\t\t\t\t\t\t\t<span class=\"elementor-icon-list-text\">the comprehensive first hormone laboratory<\/span>\n\t\t\t\t\t\t\t\t\t<\/li>\n\t\t\t\t\t\t\t\t<li class=\"elementor-icon-list-item\">\n\t\t\t\t\t\t\t\t\t\t\t<span class=\"elementor-icon-list-icon\">\n\t\t\t\t\t\t\t<svg xmlns=\"http:\/\/www.w3.org\/2000\/svg\" viewbox=\"0 0 512 512\"><path d=\"m297.64 676.75a256 256 0 1 1 181-75 254.33 254.33 0 0 1 -181 75zm0-472c-119.1 0-216 96.9-216 216s96.9 216 216 216 216-96.9 216-216-96.9-216-216-216zm104.29 216-138.29-138.29-28.28 28.29 110 110-110 110 28.28 28.25z\" transform=\"translate(-41.64 -164.75)\"><\/path><\/svg>\t\t\t\t\t\t<\/span>\n\t\t\t\t\t\t\t\t\t\t<span class=\"elementor-icon-list-text\">Regular smaller control analyses during ongoing hormone therapy<\/span>\n\t\t\t\t\t\t\t\t\t<\/li>\n\t\t\t\t\t\t<\/ul>\n\t\t\t\t\t\t<\/div>\n\t\t\t\t<div class=\"elementor-element elementor-element-c0021d3 elementor-widget elementor-widget-text-editor\" data-id=\"c0021d3\" data-element_type=\"widget\" data-e-type=\"widget\" data-widget_type=\"text-editor.default\">\n\t\t\t\t\t\t\t\t\tThese costs are billed via the \u00abTardoc\u00bb outpatient tariff and are generally covered by Swiss basic insurance or supplementary insurance.\t\t\t\t\t\t\t\t<\/div>\n\t\t\t\t<div class=\"elementor-element elementor-element-d9bc05f elementor-widget-divider--view-line elementor-widget elementor-widget-divider\" data-id=\"d9bc05f\" data-element_type=\"widget\" data-e-type=\"widget\" data-widget_type=\"divider.default\">\n\t\t\t\t\t\t\t<div class=\"elementor-divider\">\n\t\t\t<span class=\"elementor-divider-separator\">\n\t\t\t\t\t\t<\/span>\n\t\t<\/div>\n\t\t\t\t\t\t<\/div>\n\t\t\t\t<div class=\"elementor-element elementor-element-760d2c2 elementor-widget elementor-widget-heading\" data-id=\"760d2c2\" data-element_type=\"widget\" data-e-type=\"widget\" data-widget_type=\"heading.default\">\n\t\t\t\t\t<h2 class=\"elementor-heading-title elementor-size-default\">Please note:<\/h2>\t\t\t\t<\/div>\n\t\t\t\t<div class=\"elementor-element elementor-element-a51350d elementor-icon-list--layout-traditional elementor-list-item-link-full_width elementor-widget elementor-widget-icon-list\" data-id=\"a51350d\" data-element_type=\"widget\" data-e-type=\"widget\" data-widget_type=\"icon-list.default\">\n\t\t\t\t\t\t\t<ul class=\"elementor-icon-list-items\">\n\t\t\t\t\t\t\t<li class=\"elementor-icon-list-item\">\n\t\t\t\t\t\t\t\t\t\t\t<span class=\"elementor-icon-list-icon\">\n\t\t\t\t\t\t\t<svg xmlns=\"http:\/\/www.w3.org\/2000\/svg\" viewbox=\"0 0 512 512\"><path d=\"m297.64 676.75a256 256 0 1 1 181-75 254.33 254.33 0 0 1 -181 75zm0-472c-119.1 0-216 96.9-216 216s96.9 216 216 216 216-96.9 216-216-96.9-216-216-216zm104.29 216-138.29-138.29-28.28 28.29 110 110-110 110 28.28 28.25z\" transform=\"translate(-41.64 -164.75)\"><\/path><\/svg>\t\t\t\t\t\t<\/span>\n\t\t\t\t\t\t\t\t\t\t<span class=\"elementor-icon-list-text\">A few analyses (e.g. pregnenolone, serotonin, vitamin D) are not reimbursable and will be invoiced to you directly by the laboratory<\/span>\n\t\t\t\t\t\t\t\t\t<\/li>\n\t\t\t\t\t\t\t\t<li class=\"elementor-icon-list-item\">\n\t\t\t\t\t\t\t\t\t\t\t<span class=\"elementor-icon-list-icon\">\n\t\t\t\t\t\t\t<svg xmlns=\"http:\/\/www.w3.org\/2000\/svg\" viewbox=\"0 0 512 512\"><path d=\"m297.64 676.75a256 256 0 1 1 181-75 254.33 254.33 0 0 1 -181 75zm0-472c-119.1 0-216 96.9-216 216s96.9 216 216 216 216-96.9 216-216-96.9-216-216-216zm104.29 216-138.29-138.29-28.28 28.29 110 110-110 110 28.28 28.25z\" transform=\"translate(-41.64 -164.75)\"><\/path><\/svg>\t\t\t\t\t\t<\/span>\n\t\t\t\t\t\t\t\t\t\t<span class=\"elementor-icon-list-text\">For reasons of scientific evidence and uniform reference values, we can only accept hormone analyses from our reference laboratory<\/span>\n\t\t\t\t\t\t\t\t\t<\/li>\n\t\t\t\t\t\t<\/ul>\n\t\t\t\t\t\t<\/div>\n\t\t\t\t<\/div>\n\t\t\t\t\t<\/div>\n\t\t\t\t<\/div>\n\t\t\t\t<\/div>","protected":false},"excerpt":{"rendered":"<p>Kosten der bioidentischen Hormontherapie Kosten f\u00fcr die Durchf\u00fchrung einer bioidentischen Hormontherapie (BHT) inklusive Anamnese, Hormonstatus, Laborkosten Kontrollanalysen w\u00e4hrend einer laufenden Hormontherapie Erst-Hormonlabor &amp; Kontrollanalysen Laborkosten &amp; Abrechnung Die Laborkosten f\u00fcr eine Bioidentische Hormontherapie umfassen: das umfangreiche Erst-Hormonlabor die regelm\u00e4ssigen kleineren Kontrollanalysen w\u00e4hrend einer laufenden Hormontherapie Diese Kosten werden \u00fcber den ambulanten Tarif \u00abTardoc\u00bb abgerechnet und [&hellip;]<\/p>\n","protected":false},"author":2,"featured_media":0,"parent":0,"menu_order":1,"comment_status":"closed","ping_status":"closed","template":"","meta":{"_seopress_robots_primary_cat":"","_seopress_titles_title":"Kosten der bioidentischen Hormontherapie (BHT)","_seopress_titles_desc":"Behandlung bei Dr. Bernhardt: Kosten f\u00fcr die Durchf\u00fchrung einer bioidentischen Hormontherapie (BHT). Inklusive Anamnese, Hormonstatus, Laborkosten.","_seopress_robots_index":"","footnotes":""},"folder":[],"class_list":["post-6196","page","type-page","status-publish","hentry"],"_links":{"self":[{"href":"https:\/\/www.biohormontherapie.ch\/en\/wp-json\/wp\/v2\/pages\/6196","targetHints":{"allow":["GET"]}}],"collection":[{"href":"https:\/\/www.biohormontherapie.ch\/en\/wp-json\/wp\/v2\/pages"}],"about":[{"href":"https:\/\/www.biohormontherapie.ch\/en\/wp-json\/wp\/v2\/types\/page"}],"author":[{"embeddable":true,"href":"https:\/\/www.biohormontherapie.ch\/en\/wp-json\/wp\/v2\/users\/2"}],"replies":[{"embeddable":true,"href":"https:\/\/www.biohormontherapie.ch\/en\/wp-json\/wp\/v2\/comments?post=6196"}],"version-history":[{"count":10,"href":"https:\/\/www.biohormontherapie.ch\/en\/wp-json\/wp\/v2\/pages\/6196\/revisions"}],"predecessor-version":[{"id":8684,"href":"https:\/\/www.biohormontherapie.ch\/en\/wp-json\/wp\/v2\/pages\/6196\/revisions\/8684"}],"wp:attachment":[{"href":"https:\/\/www.biohormontherapie.ch\/en\/wp-json\/wp\/v2\/media?parent=6196"}],"wp:term":[{"taxonomy":"folder","embeddable":true,"href":"https:\/\/www.biohormontherapie.ch\/en\/wp-json\/wp\/v2\/folder?post=6196"}],"curies":[{"name":"wp","href":"https:\/\/api.w.org\/{rel}","templated":true}]}}